{"id":29627,"date":"2021-07-09T15:36:55","date_gmt":"2021-07-09T13:36:55","guid":{"rendered":"https:\/\/elcabronrum.com\/?page_id=29627"},"modified":"2021-08-09T17:24:12","modified_gmt":"2021-08-09T15:24:12","slug":"point-de-vente","status":"publish","type":"page","link":"https:\/\/elcabronrum.com\/en\/point-of-sale\/","title":{"rendered":"Points of sale"},"content":{"rendered":"<div data-elementor-type=\"wp-page\" data-elementor-id=\"29627\" class=\"elementor elementor-29627\" data-elementor-post-type=\"page\">\n\t\t\t\t\t\t<section class=\"elementor-section elementor-top-section elementor-element elementor-element-e989b87 elementor-section-height-min-height elementor-section-items-top elementor-section-boxed elementor-section-height-default\" data-id=\"e989b87\" data-element_type=\"section\" data-e-type=\"section\" data-settings=\"{&quot;background_background&quot;:&quot;classic&quot;}\">\n\t\t\t\t\t\t<div class=\"elementor-container elementor-column-gap-default\">\n\t\t\t\t\t<div class=\"elementor-column elementor-col-100 elementor-top-column elementor-element elementor-element-d0b5ecc\" data-id=\"d0b5ecc\" data-element_type=\"column\" data-e-type=\"column\">\n\t\t\t<div class=\"elementor-widget-wrap elementor-element-populated\">\n\t\t\t\t\t\t<div class=\"elementor-element elementor-element-439cca7 elementor-hidden-desktop elementor-hidden-tablet elementor-widget elementor-widget-heading\" data-id=\"439cca7\" data-element_type=\"widget\" data-e-type=\"widget\" data-widget_type=\"heading.default\">\n\t\t\t\t<div class=\"elementor-widget-container\">\n\t\t\t\t\t<h2 class=\"elementor-heading-title elementor-size-default\">where to find the brand<\/br>el cabr\u00d3n ?<\/h2>\t\t\t\t<\/div>\n\t\t\t\t<\/div>\n\t\t\t\t<div class=\"elementor-element elementor-element-535256e elementor-hidden-phone elementor-widget elementor-widget-heading\" data-id=\"535256e\" data-element_type=\"widget\" data-e-type=\"widget\" data-widget_type=\"heading.default\">\n\t\t\t\t<div class=\"elementor-widget-container\">\n\t\t\t\t\t<h2 class=\"elementor-heading-title elementor-size-default\">where to find the brand<\/br>el cabr\u00d3n ?<\/h2>\t\t\t\t<\/div>\n\t\t\t\t<\/div>\n\t\t\t\t<div class=\"elementor-element elementor-element-fce2710 elementor-widget elementor-widget-text-editor\" data-id=\"fce2710\" data-element_type=\"widget\" data-e-type=\"widget\" data-widget_type=\"text-editor.default\">\n\t\t\t\t<div class=\"elementor-widget-container\">\n\t\t\t\t\t\t\t\t\tThanks to our interactive tool, you can easily find your favourite alcohol in the various outlets near you.\t\t\t\t\t\t\t\t<\/div>\n\t\t\t\t<\/div>\n\t\t\t\t<div class=\"elementor-element elementor-element-ae4843f elementor-widget-divider--separator-type-pattern elementor-widget-divider--no-spacing elementor-widget-divider--view-line elementor-widget elementor-widget-divider\" data-id=\"ae4843f\" data-element_type=\"widget\" data-e-type=\"widget\" data-widget_type=\"divider.default\">\n\t\t\t\t<div class=\"elementor-widget-container\">\n\t\t\t\t\t\t\t<div class=\"elementor-divider\" style=\"--divider-pattern-url: url(&quot;data:image\/svg+xml,%3Csvg xmlns=&#039;http:\/\/www.w3.org\/2000\/svg&#039; preserveAspectRatio=&#039;xMidYMid meet&#039; overflow=&#039;visible&#039; height=&#039;100%&#039; viewBox=&#039;0 0 126 26&#039; fill=&#039;black&#039; stroke=&#039;none&#039;%3E%3Cpath d=&#039;M3,10.2c2.6,0,2.6,2,2.6,3.2S4.4,16.5,3,16.5s-3-1.4-3-3.2S0.4,10.2,3,10.2z M18.8,10.2c1.7,0,3.2,1.4,3.2,3.2s-1.4,3.2-3.2,3.2c-1.7,0-3.2-1.4-3.2-3.2S17,10.2,18.8,10.2z M34.6,10.2c1.5,0,2.6,1.4,2.6,3.2s-0.5,3.2-1.9,3.2c-1.5,0-3.4-1.4-3.4-3.2S33.1,10.2,34.6,10.2z M50.5,10.2c1.7,0,3.2,1.4,3.2,3.2s-1.4,3.2-3.2,3.2c-1.7,0-3.3-0.9-3.3-2.6S48.7,10.2,50.5,10.2z M66.2,10.2c1.5,0,3.4,1.4,3.4,3.2s-1.9,3.2-3.4,3.2c-1.5,0-2.6-0.4-2.6-2.1S64.8,10.2,66.2,10.2z M82.2,10.2c1.7,0.8,2.6,1.4,2.6,3.2s-0.1,3.2-1.6,3.2c-1.5,0-3.7-1.4-3.7-3.2S80.5,9.4,82.2,10.2zM98.6,10.2c1.5,0,2.6,0.4,2.6,2.1s-1.2,4.2-2.6,4.2c-1.5,0-3.7-0.4-3.7-2.1S97.1,10.2,98.6,10.2z M113.4,10.2c1.2,0,2.2,0.9,2.2,3.2s-0.1,3.2-1.3,3.2s-3.1-1.4-3.1-3.2S112.2,10.2,113.4,10.2z&#039;\/%3E%3C\/svg%3E&quot;);\">\n\t\t\t<span class=\"elementor-divider-separator\">\n\t\t\t\t\t\t<\/span>\n\t\t<\/div>\n\t\t\t\t\t\t<\/div>\n\t\t\t\t<\/div>\n\t\t\t\t<div class=\"elementor-element elementor-element-a14e568 elementor-widget elementor-widget-shortcode\" data-id=\"a14e568\" data-element_type=\"widget\" data-e-type=\"widget\" data-widget_type=\"shortcode.default\">\n\t\t\t\t<div class=\"elementor-widget-container\">\n\t\t\t\t\t\t\t<div class=\"elementor-shortcode\"><link rel='stylesheet' id='asl-plugin-css'  href='https:\/\/elcabronrum.com\/wp-content\/plugins\/agile-store-locator\/public\/css\/tmpl-1\/asl-1-0.css?v=4.6.32' type='text\/css' media='all' \/>\n<style type=\"text\/css\">\n#asl-storelocator.asl-p-cont .Status_filter .onoffswitch-inner::before{content: \"OPEN\" !important}\n#asl-storelocator.asl-p-cont .Status_filter .onoffswitch-inner::after{content: \"ALL\" !important}\n#asl-storelocator.container.storelocator-main.asl-p-cont .asl-loc-sec .asl-panel {order: 0;}\n<\/style>\n<div id=\"asl-storelocator\" class=\"container asl-template-1 storelocator-main asl-p-cont asl-layout-0 asl-bg-0 asl-text-1 no-asl-filters\">\n  <div class=\"row asl-loc-sec\">\n  <div class=\"col-sm-8 col-xs-12 asl-map\">\n    <div class=\"store-locator\">\n      <div id=\"asl-map-canv\"><\/div>\n      <!-- agile-modal -->\n      <div id=\"agile-modal-direction\" class=\"agile-modal fade\">\n        <div class=\"agile-modal-backdrop-in\"><\/div>\n        <div class=\"agile-modal-dialog in\">\n          <div class=\"agile-modal-content\">\n            <div class=\"agile-modal-header\">\n              <button type=\"button\" class=\"close-directions close\" data-dismiss=\"agile-modal\" aria-label=\"Close\"><span aria-hidden=\"true\">\u00d7<\/span><\/button>\n              <h4>Get Your Directions<\/h4>\n            <\/div>\n            <div class=\"form-group\">\n              <label for=\"frm-lbl\">From:<\/label>\n              <input type=\"text\" class=\"form-control frm-place\" id=\"frm-lbl\" placeholder=\"Enter a Location\">\n            <\/div>\n            <div class=\"form-group\">\n              <label for=\"frm-lbl\">To:<\/label>\n              <input readonly=\"true\" type=\"text\"  class=\"directions-to form-control\" id=\"to-lbl\" placeholder=\"Prepopulated Destination Address\">\n            <\/div>\n            <div class=\"form-group\">\n              <span for=\"frm-lbl\">Show Distance In<\/span>\n              <label class=\"checkbox-inline\">\n                <input type=\"radio\" name=\"dist-type\" id=\"rbtn-km\" value=\"0\"> KM              <\/label>\n              <label class=\"checkbox-inline\">\n                <input type=\"radio\" name=\"dist-type\" checked id=\"rbtn-mile\" value=\"1\"> Mile              <\/label>\n            <\/div>\n            <div class=\"form-group\">\n              <button type=\"submit\" class=\"btn btn-default btn-submit\">GET DIRECTIONS<\/button>\n            <\/div>\n          <\/div>\n        <\/div>\n      <\/div>\n\n      <div id=\"asl-geolocation-agile-modal\" class=\"agile-modal fade\">\n        <div class=\"agile-modal-backdrop-in\"><\/div>\n        <div class=\"agile-modal-dialog in\">\n          <div class=\"agile-modal-content\">\n            <button type=\"button\" class=\"close-directions close\" data-dismiss=\"agile-modal\" aria-label=\"Close\"><span aria-hidden=\"true\">\u00d7<\/span><\/button>\n                          <div class=\"form-group\">\n                <h4>Use my location to find the closest Service Provider near me<\/h4>\n              <\/div>\n              <div class=\"form-group text-center\">\n                <button type=\"button\" id=\"asl-btn-geolocation\" class=\"btn btn-block btn-default\">USE LOCATION<\/button>\n              <\/div>\n                        <\/div>\n        <\/div>\n      <\/div>\n      <!-- agile-modal end -->\n    <\/div>\n  <\/div>\n  <div class=\"col-sm-4 col-xs-12 asl-panel\">\n        \n    <div class=\"col-xs-12 inside search_filter\">\n      <div class=\"asl-store-search\">\n          <input type=\"text\" value=\"\" id=\"auto-complete-search\" class=\"form-control asl-search-address\" placeholder=\"\">\n          <span class=\"span-geo\"><i class=\"glyphicon asl-geo icon-direction-outline\" title=\"Current Location\"><\/i><\/span>\n      <\/div>\n    <\/div>\n        <!--  Panel Listing -->\n    <div id=\"asl-list\" class=\"storelocator-panel\">\n      <div class=\"asl-overlay\" id=\"map-loading\">\n        <div class=\"white\"><\/div>\n        <div class=\"loading\"><img decoding=\"async\" style=\"margin-right: 10px;\" class=\"loader\" src=\"https:\/\/elcabronrum.com\/wp-content\/plugins\/agile-store-locator\/public\/Logo\/loading.gif\">Loading...<\/div>\n      <\/div>\n      <div class=\"panel-cont\">\n          <div class=\"panel-inner\">\n            <div class=\"col-md-12 asl-p-0\">\n                  <ul id=\"p-statelist\" role=\"tablist\" aria-multiselectable=\"true\">\n                <\/ul>\n            <\/div>\n          <\/div>\n      <\/div>\n      <div class=\"directions-cont hide\">\n        <div class=\"agile-modal-header\">\n          <button type=\"button\" class=\"close\"><span aria-hidden=\"true\">\u00d7<\/span><\/button>\n          <h4>Directions<\/h4>\n        <\/div>\n        <div class=\"rendered-directions\"><\/div>\n      <\/div>\n    <\/div>\n  <\/div> \n<\/div>\n<\/div>\n<!-- This Plugin is developed by \"Agile Store Locator for WordPress\" https:\/\/agilestorelocator.com-->\n<\/div>\n\t\t\t\t\t\t<\/div>\n\t\t\t\t<\/div>\n\t\t\t\t\t<\/div>\n\t\t<\/div>\n\t\t\t\t\t<\/div>\n\t\t<\/section>\n\t\t\t\t<section class=\"elementor-section elementor-top-section elementor-element elementor-element-5023a7ab elementor-section-height-min-height elementor-section-full_width elementor-section-items-bottom elementor-hidden-phone elementor-section-height-default\" data-id=\"5023a7ab\" data-element_type=\"section\" data-e-type=\"section\" data-settings=\"{&quot;background_background&quot;:&quot;classic&quot;}\">\n\t\t\t\t\t\t\t<div class=\"elementor-background-overlay\"><\/div>\n\t\t\t\t\t\t\t<div class=\"elementor-container elementor-column-gap-no\">\n\t\t\t\t\t<div class=\"elementor-column elementor-col-100 elementor-top-column elementor-element elementor-element-578ad867\" data-id=\"578ad867\" data-element_type=\"column\" data-e-type=\"column\">\n\t\t\t<div class=\"elementor-widget-wrap elementor-element-populated\">\n\t\t\t\t\t\t<section class=\"elementor-section elementor-inner-section elementor-element elementor-element-109e8693 elementor-section-height-min-height elementor-section-content-top elementor-section-boxed elementor-section-height-default\" data-id=\"109e8693\" data-element_type=\"section\" data-e-type=\"section\">\n\t\t\t\t\t\t<div class=\"elementor-container elementor-column-gap-no\">\n\t\t\t\t\t<div class=\"elementor-column elementor-col-50 elementor-inner-column elementor-element elementor-element-312bef27\" data-id=\"312bef27\" data-element_type=\"column\" data-e-type=\"column\">\n\t\t\t<div class=\"elementor-widget-wrap\">\n\t\t\t\t\t\t\t<\/div>\n\t\t<\/div>\n\t\t\t\t<div class=\"elementor-column elementor-col-50 elementor-inner-column elementor-element elementor-element-24ab7776\" data-id=\"24ab7776\" data-element_type=\"column\" data-e-type=\"column\">\n\t\t\t<div class=\"elementor-widget-wrap elementor-element-populated\">\n\t\t\t\t\t\t<div class=\"elementor-element elementor-element-7481865 elementor-widget elementor-widget-heading\" data-id=\"7481865\" data-element_type=\"widget\" data-e-type=\"widget\" data-widget_type=\"heading.default\">\n\t\t\t\t<div class=\"elementor-widget-container\">\n\t\t\t\t\t<h2 class=\"elementor-heading-title elementor-size-default\">Become <\/br><span style=\"color:#B07C00;font-size:50px\">Distributor<\/span><\/h2>\t\t\t\t<\/div>\n\t\t\t\t<\/div>\n\t\t\t\t<div class=\"elementor-element elementor-element-b19d837 elementor-widget elementor-widget-text-editor\" data-id=\"b19d837\" data-element_type=\"widget\" data-e-type=\"widget\" data-widget_type=\"text-editor.default\">\n\t\t\t\t<div class=\"elementor-widget-container\">\n\t\t\t\t\t\t\t\t\tYou are a professional and would like to know more about the brand? Do not hesitate to meet us and contact our sales department by leaving your details on the page provided for this purpose.\t\t\t\t\t\t\t\t<\/div>\n\t\t\t\t<\/div>\n\t\t\t\t<div class=\"elementor-element elementor-element-4f70ce0f elementor-align-left elementor-widget elementor-widget-button\" data-id=\"4f70ce0f\" data-element_type=\"widget\" data-e-type=\"widget\" data-widget_type=\"button.default\">\n\t\t\t\t<div class=\"elementor-widget-container\">\n\t\t\t\t\t\t\t\t\t<div class=\"elementor-button-wrapper\">\n\t\t\t\t\t<a class=\"elementor-button elementor-button-link elementor-size-sm\" href=\"https:\/\/elcabronrum.com\/en\/contact\/\">\n\t\t\t\t\t\t<span class=\"elementor-button-content-wrapper\">\n\t\t\t\t\t\t\t\t\t<span class=\"elementor-button-text\"><img decoding=\"async\" class=\"alignnone wp-image-28991\" src=\"https:\/\/elcabronrum.com\/wp-content\/uploads\/2021\/07\/ElCabron_Scroll-gauche.png\" alt=\"spicy rum from Jamaica\" width=\"20\" height=\"24\" \/> CONTACT FORM<img decoding=\"async\" class=\"alignnone wp-image-28992\" src=\"https:\/\/elcabronrum.com\/wp-content\/uploads\/2021\/07\/ElCabron_Scroll-droit.png\" alt=\"spicy rum from Jamaica\" width=\"20\" height=\"24\" \/><\/span>\n\t\t\t\t\t<\/span>\n\t\t\t\t\t<\/a>\n\t\t\t\t<\/div>\n\t\t\t\t\t\t\t\t<\/div>\n\t\t\t\t<\/div>\n\t\t\t\t\t<\/div>\n\t\t<\/div>\n\t\t\t\t\t<\/div>\n\t\t<\/section>\n\t\t\t\t<div class=\"elementor-element elementor-element-67b2758 elementor-widget__width-inherit elementor-absolute elementor-widget elementor-widget-image\" data-id=\"67b2758\" data-element_type=\"widget\" data-e-type=\"widget\" data-settings=\"{&quot;_position&quot;:&quot;absolute&quot;}\" data-widget_type=\"image.default\">\n\t\t\t\t<div class=\"elementor-widget-container\">\n\t\t\t\t\t\t\t\t\t\t\t\t\t\t\t<img decoding=\"async\" src=\"https:\/\/elcabronrum.com\/wp-content\/uploads\/2021\/07\/ElCabron_Footer-Layer_Feuille-01e.webp\" class=\"attachment-full size-full wp-image-29297\" alt=\"spicy rum from Jamaica\" \/>\t\t\t\t\t\t\t\t\t\t\t\t\t\t\t<\/div>\n\t\t\t\t<\/div>\n\t\t\t\t<div class=\"elementor-element elementor-element-33b4dced elementor-widget__width-inherit elementor-absolute animated-slow elementor-invisible elementor-widget elementor-widget-image\" data-id=\"33b4dced\" data-element_type=\"widget\" data-e-type=\"widget\" data-settings=\"{&quot;_position&quot;:&quot;absolute&quot;,&quot;_animation&quot;:&quot;fadeInDown&quot;}\" data-widget_type=\"image.default\">\n\t\t\t\t<div class=\"elementor-widget-container\">\n\t\t\t\t\t\t\t\t\t\t\t\t\t\t\t<img decoding=\"async\" src=\"https:\/\/elcabronrum.com\/wp-content\/uploads\/2021\/07\/ElCabron_Bouteille.webp\" class=\"attachment-full size-full wp-image-29260\" alt=\"spicy rum from Jamaica\" \/>\t\t\t\t\t\t\t\t\t\t\t\t\t\t\t<\/div>\n\t\t\t\t<\/div>\n\t\t\t\t\t<\/div>\n\t\t<\/div>\n\t\t\t\t\t<\/div>\n\t\t<\/section>\n\t\t\t\t<section class=\"elementor-section elementor-top-section elementor-element elementor-element-2f7c831e elementor-section-full_width elementor-hidden-desktop elementor-hidden-tablet elementor-section-items-top elementor-section-height-min-height elementor-section-height-default\" data-id=\"2f7c831e\" data-element_type=\"section\" data-e-type=\"section\" data-settings=\"{&quot;background_background&quot;:&quot;classic&quot;}\">\n\t\t\t\t\t\t<div class=\"elementor-container elementor-column-gap-default\">\n\t\t\t\t\t<div class=\"elementor-column elementor-col-50 elementor-top-column elementor-element elementor-element-1c524b1a\" data-id=\"1c524b1a\" data-element_type=\"column\" data-e-type=\"column\">\n\t\t\t<div class=\"elementor-widget-wrap\">\n\t\t\t\t\t\t\t<\/div>\n\t\t<\/div>\n\t\t\t\t<div class=\"elementor-column elementor-col-50 elementor-top-column elementor-element elementor-element-5d9d810c\" data-id=\"5d9d810c\" data-element_type=\"column\" data-e-type=\"column\">\n\t\t\t<div class=\"elementor-widget-wrap elementor-element-populated\">\n\t\t\t\t\t\t<div class=\"elementor-element elementor-element-65c44bd7 elementor-widget elementor-widget-text-editor\" data-id=\"65c44bd7\" data-element_type=\"widget\" data-e-type=\"widget\" data-widget_type=\"text-editor.default\">\n\t\t\t\t<div class=\"elementor-widget-container\">\n\t\t\t\t\t\t\t\t\tFind<\/br>\nEl Cabr\u00f3n\t\t\t\t\t\t\t\t<\/div>\n\t\t\t\t<\/div>\n\t\t\t\t<div class=\"elementor-element elementor-element-25cd4ce8 elementor-widget elementor-widget-text-editor\" data-id=\"25cd4ce8\" data-element_type=\"widget\" data-e-type=\"widget\" data-widget_type=\"text-editor.default\">\n\t\t\t\t<div class=\"elementor-widget-container\">\n\t\t\t\t\t\t\t\t\tUse our online tool to easily find the shop that has the product in your area!\t\t\t\t\t\t\t\t<\/div>\n\t\t\t\t<\/div>\n\t\t\t\t<div class=\"elementor-element elementor-element-79a460a3 elementor-align-center elementor-mobile-align-center elementor-widget elementor-widget-button\" data-id=\"79a460a3\" data-element_type=\"widget\" data-e-type=\"widget\" data-widget_type=\"button.default\">\n\t\t\t\t<div class=\"elementor-widget-container\">\n\t\t\t\t\t\t\t\t\t<div class=\"elementor-button-wrapper\">\n\t\t\t\t\t<a class=\"elementor-button elementor-button-link elementor-size-xs\" href=\"https:\/\/elcabronrum.com\/en\/point-of-sale\/\">\n\t\t\t\t\t\t<span class=\"elementor-button-content-wrapper\">\n\t\t\t\t\t\t\t\t\t<span class=\"elementor-button-text\">Find a dealer<\/span>\n\t\t\t\t\t<\/span>\n\t\t\t\t\t<\/a>\n\t\t\t\t<\/div>\n\t\t\t\t\t\t\t\t<\/div>\n\t\t\t\t<\/div>\n\t\t\t\t\t<\/div>\n\t\t<\/div>\n\t\t\t\t\t<\/div>\n\t\t<\/section>\n\t\t\t\t<\/div>","protected":false},"excerpt":{"rendered":"<p>o\u00f9 trouver la marque el cabr\u00d3n ? o\u00f9 trouver la marque el cabr\u00d3n ? Gr\u00e2ce \u00e0 notre outil interactif, retrouvez facilement votre alcool pr\u00e9f\u00e9r\u00e9 dans les diff\u00e9rents points de vente pr\u00e8s de chez vous. Devenir Distributeur Vous \u00eates professionnel et souhaitez en savoir plus sur la marque ? N&rsquo;h\u00e9sitez pas \u00e0 nous rencontrer et prendre [&hellip;]<\/p>\n","protected":false},"author":1,"featured_media":0,"parent":0,"menu_order":0,"comment_status":"closed","ping_status":"closed","template":"","meta":{"_seopress_robots_primary_cat":"","_seopress_titles_title":"El Cabr\u00f3n Rum | Rhum \u00e9pic\u00e9 de Jama\u00efque | Points de Vente","_seopress_titles_desc":"A l&#039;aide de notre outil interactif, retrouvez rapidement l&#039;ensemble des revendeurs du rhum El Cabr\u00f3n autour de votre position.","_seopress_robots_index":"","_uag_custom_page_level_css":"","_monsterinsights_skip_tracking":false,"_monsterinsights_sitenote_active":false,"_monsterinsights_sitenote_note":"","_monsterinsights_sitenote_category":0,"site-sidebar-layout":"no-sidebar","site-content-layout":"page-builder","ast-site-content-layout":"default","site-content-style":"default","site-sidebar-style":"default","ast-global-header-display":"","ast-banner-title-visibility":"","ast-main-header-display":"","ast-hfb-above-header-display":"","ast-hfb-below-header-display":"","ast-hfb-mobile-header-display":"","site-post-title":"disabled","ast-breadcrumbs-content":"","ast-featured-img":"disabled","footer-sml-layout":"","theme-transparent-header-meta":"default","adv-header-id-meta":"","stick-header-meta":"default","header-above-stick-meta":"","header-main-stick-meta":"","header-below-stick-meta":"","astra-migrate-meta-layouts":"default","ast-page-background-enabled":"default","ast-page-background-meta":{"desktop":{"background-color":"","background-image":"","background-repeat":"repeat","background-position":"center center","background-size":"auto","background-attachment":"scroll","background-type":"","background-media":"","overlay-type":"","overlay-color":"","overlay-opacity":"","overlay-gradient":""},"tablet":{"background-color":"","background-image":"","background-repeat":"repeat","background-position":"center center","background-size":"auto","background-attachment":"scroll","background-type":"","background-media":"","overlay-type":"","overlay-color":"","overlay-opacity":"","overlay-gradient":""},"mobile":{"background-color":"","background-image":"","background-repeat":"repeat","background-position":"center center","background-size":"auto","background-attachment":"scroll","background-type":"","background-media":"","overlay-type":"","overlay-color":"","overlay-opacity":"","overlay-gradient":""}},"ast-content-background-meta":{"desktop":{"background-color":"var(--ast-global-color-5)","background-image":"","background-repeat":"repeat","background-position":"center center","background-size":"auto","background-attachment":"scroll","background-type":"","background-media":"","overlay-type":"","overlay-color":"","overlay-opacity":"","overlay-gradient":""},"tablet":{"background-color":"var(--ast-global-color-5)","background-image":"","background-repeat":"repeat","background-position":"center center","background-size":"auto","background-attachment":"scroll","background-type":"","background-media":"","overlay-type":"","overlay-color":"","overlay-opacity":"","overlay-gradient":""},"mobile":{"background-color":"var(--ast-global-color-5)","background-image":"","background-repeat":"repeat","background-position":"center center","background-size":"auto","background-attachment":"scroll","background-type":"","background-media":"","overlay-type":"","overlay-color":"","overlay-opacity":"","overlay-gradient":""}},"footnotes":""},"class_list":["post-29627","page","type-page","status-publish","hentry"],"uagb_featured_image_src":{"full":false,"thumbnail":false,"medium":false,"medium_large":false,"large":false,"1536x1536":false,"2048x2048":false,"trp-custom-language-flag":false,"htmega_size_585x295":false,"htmega_size_1170x536":false,"htmega_size_396x360":false},"uagb_author_info":{"display_name":"El Cabr\u00f3n","author_link":"https:\/\/elcabronrum.com\/en\/author\/cabronyb\/"},"uagb_comment_info":0,"uagb_excerpt":"o\u00f9 trouver la marque el cabr\u00d3n ? o\u00f9 trouver la marque el cabr\u00d3n ? Gr\u00e2ce \u00e0 notre outil interactif, retrouvez facilement votre alcool pr\u00e9f\u00e9r\u00e9 dans les diff\u00e9rents points de vente pr\u00e8s de chez vous. Devenir Distributeur Vous \u00eates professionnel et souhaitez en savoir plus sur la marque ? N&rsquo;h\u00e9sitez pas \u00e0 nous rencontrer et prendre&hellip;","_links":{"self":[{"href":"https:\/\/elcabronrum.com\/en\/wp-json\/wp\/v2\/pages\/29627","targetHints":{"allow":["GET"]}}],"collection":[{"href":"https:\/\/elcabronrum.com\/en\/wp-json\/wp\/v2\/pages"}],"about":[{"href":"https:\/\/elcabronrum.com\/en\/wp-json\/wp\/v2\/types\/page"}],"author":[{"embeddable":true,"href":"https:\/\/elcabronrum.com\/en\/wp-json\/wp\/v2\/users\/1"}],"replies":[{"embeddable":true,"href":"https:\/\/elcabronrum.com\/en\/wp-json\/wp\/v2\/comments?post=29627"}],"version-history":[{"count":194,"href":"https:\/\/elcabronrum.com\/en\/wp-json\/wp\/v2\/pages\/29627\/revisions"}],"predecessor-version":[{"id":32626,"href":"https:\/\/elcabronrum.com\/en\/wp-json\/wp\/v2\/pages\/29627\/revisions\/32626"}],"wp:attachment":[{"href":"https:\/\/elcabronrum.com\/en\/wp-json\/wp\/v2\/media?parent=29627"}],"curies":[{"name":"wp","href":"https:\/\/api.w.org\/{rel}","templated":true}]}}